{"id":1723,"date":"2018-10-11T10:06:25","date_gmt":"2018-10-11T08:06:25","guid":{"rendered":"https:\/\/serginhomoreira.com\/?page_id=1723\/"},"modified":"2018-10-11T10:12:11","modified_gmt":"2018-10-11T08:12:11","slug":"clases-de-bateria","status":"publish","type":"page","link":"https:\/\/serginhomoreira.com\/es\/clases-de-bateria\/","title":{"rendered":"Clases de bater\u00eda"},"content":{"rendered":"<div class=\"wpb-content-wrapper\"><p>[vc_row css_animation=&#8221;&#8221; row_type=&#8221;row&#8221; use_row_as_full_screen_section=&#8221;no&#8221; type=&#8221;grid&#8221; angled_section=&#8221;no&#8221; text_align=&#8221;left&#8221; background_image_as_pattern=&#8221;without_pattern&#8221; padding_top=&#8221;170&#8243; padding_bottom=&#8221;80&#8243; z_index=&#8221;&#8221;][vc_column][vc_column_text]<\/p>\n<h2>CLASES<br \/>\nDE BATER\u00cdA<\/h2>\n<p>[\/vc_column_text][vc_separator type=&#8221;transparent&#8221; up=&#8221;50&#8243; down=&#8221;0&#8243;][vc_row_inner row_type=&#8221;row&#8221; type=&#8221;full_width&#8221; text_align=&#8221;left&#8221; padding_bottom=&#8221;20&#8243; css_animation=&#8221;&#8221;][vc_column_inner offset=&#8221;vc_col-lg-offset-0 vc_col-lg-6 vc_col-md-offset-0 vc_col-md-6 vc_col-sm-offset-0&#8243;][vc_column_text]<span lang=\"es\">Si hay algo que, casi, me gusta m\u00e1s que tocar la bater\u00eda es ense\u00f1ar a tocar este instrumento<\/span>.<\/p>\n<p><span lang=\"es\">En mi estudio imparto, a partir de los seis a\u00f1os, clases privadas de bater\u00eda donde combino todo lo que he aprendido de los &#8220;libros emblem\u00e1ticos de la bater\u00eda&#8221;, la escuela y mi experiencia en &#8220;la carretera&#8221;.<\/span><\/p>\n<p><span lang=\"es\">Mi filosof\u00eda se basa en la pr\u00e1ctica sistem\u00e1tica de la coordinaci\u00f3n, la independencia, la t\u00e9cnica, los<\/span> <em>grooves<\/em>, <span lang=\"es\">redobles y lectura musical de una forma amena y adaptada a las necesidades, capacidades y requerimientos de cada alumno. Es muy importante que el alumno toque canciones as\u00ed que \u00e9l mismo elige su repertorio adem\u00e1s de tocar los<\/span> <em>Play-alongs <\/em><span lang=\"es\">que voy recomendando durante el curso<\/span>.<\/p>\n<p><span lang=\"es\">Tengo un espacio amplio, acondicionado y climatizado y dispongo de dos<\/span> <em>sets\u00a0<\/em>\u00a0<strong>DW COLLECTORS SERIES<\/strong>, platos <strong>ZILDJIAN<\/strong> <span lang=\"es\">y un equipo de sonido de alta calidad<\/span>.<\/p>\n<p>\u00bf<span lang=\"es\">Hablamos<\/span>? <span lang=\"es\">Seguro que encontramos la metodolog\u00eda que necesitas para aprender, para tocar y sobre todo disfrutar de la bater\u00eda.<\/span>[\/vc_column_text][vc_empty_space height=&#8221;70px&#8221;]<a  itemprop=\"url\" href=\"mailto:serginho@serginhomoreira.com\" target=\"_blank\"  class=\"qbutton  default\" style=\"font-style: normal; font-weight: 400; font-family: Roboto; \">\u00a1Hablemos!<\/a>[vc_empty_space height=&#8221;100px&#8221;][\/vc_column_inner][\/vc_row_inner][\/vc_column][\/vc_row]<\/p>\n<\/div>","protected":false},"excerpt":{"rendered":"<p>[vc_row css_animation=&#8221;&#8221; row_type=&#8221;row&#8221; use_row_as_full_screen_section=&#8221;no&#8221; type=&#8221;grid&#8221; angled_section=&#8221;no&#8221; text_align=&#8221;left&#8221; background_image_as_pattern=&#8221;without_pattern&#8221; padding_top=&#8221;170&#8243; padding_bottom=&#8221;80&#8243; z_index=&#8221;&#8221;][vc_column][vc_column_text] CLASES DE BATER\u00cdA [\/vc_column_text][vc_separator type=&#8221;transparent&#8221; up=&#8221;50&#8243; down=&#8221;0&#8243;][vc_row_inner row_type=&#8221;row&#8221; type=&#8221;full_width&#8221; text_align=&#8221;left&#8221; padding_bottom=&#8221;20&#8243; css_animation=&#8221;&#8221;][vc_column_inner offset=&#8221;vc_col-lg-offset-0 vc_col-lg-6 vc_col-md-offset-0 vc_col-md-6 vc_col-sm-offset-0&#8243;][vc_column_text]Si hay algo que, casi, me gusta m\u00e1s que tocar la bater\u00eda es ense\u00f1ar a tocar este instrumento&#8230;.<\/p>\n","protected":false},"author":1,"featured_media":0,"parent":0,"menu_order":0,"comment_status":"closed","ping_status":"closed","template":"full_width.php","meta":{"footnotes":""},"class_list":["post-1723","page","type-page","status-publish","hentry"],"aioseo_notices":[],"_links":{"self":[{"href":"https:\/\/serginhomoreira.com\/es\/wp-json\/wp\/v2\/pages\/1723","targetHints":{"allow":["GET"]}}],"collection":[{"href":"https:\/\/serginhomoreira.com\/es\/wp-json\/wp\/v2\/pages"}],"about":[{"href":"https:\/\/serginhomoreira.com\/es\/wp-json\/wp\/v2\/types\/page"}],"author":[{"embeddable":true,"href":"https:\/\/serginhomoreira.com\/es\/wp-json\/wp\/v2\/users\/1"}],"replies":[{"embeddable":true,"href":"https:\/\/serginhomoreira.com\/es\/wp-json\/wp\/v2\/comments?post=1723"}],"version-history":[{"count":2,"href":"https:\/\/serginhomoreira.com\/es\/wp-json\/wp\/v2\/pages\/1723\/revisions"}],"predecessor-version":[{"id":1726,"href":"https:\/\/serginhomoreira.com\/es\/wp-json\/wp\/v2\/pages\/1723\/revisions\/1726"}],"wp:attachment":[{"href":"https:\/\/serginhomoreira.com\/es\/wp-json\/wp\/v2\/media?parent=1723"}],"curies":[{"name":"wp","href":"https:\/\/api.w.org\/{rel}","templated":true}]}}