{"id":1981,"date":"2020-07-18T18:33:33","date_gmt":"2020-07-18T16:33:33","guid":{"rendered":"https:\/\/serginhomoreira.com\/?page_id=1981\/"},"modified":"2020-07-30T21:31:35","modified_gmt":"2020-07-30T19:31:35","slug":"grabacion-de-baterias-online","status":"publish","type":"page","link":"https:\/\/serginhomoreira.com\/es\/grabacion-de-baterias-online\/","title":{"rendered":"Grabaci\u00f3n de bater\u00edas Online"},"content":{"rendered":"<div class=\"wpb-content-wrapper\"><p>[vc_row css_animation=&#8221;&#8221; row_type=&#8221;row&#8221; use_row_as_full_screen_section=&#8221;no&#8221; type=&#8221;grid&#8221; angled_section=&#8221;no&#8221; text_align=&#8221;left&#8221; background_image_as_pattern=&#8221;without_pattern&#8221; padding_top=&#8221;170&#8243; padding_bottom=&#8221;80&#8243; z_index=&#8221;&#8221;][vc_column][vc_column_text]<\/p>\n<h2>GRABACI\u00d3N DE<br \/>\nBATER\u00cdAS ONLINE<\/h2>\n<p>[\/vc_column_text][vc_separator type=&#8221;transparent&#8221; up=&#8221;50&#8243; down=&#8221;0&#8243;][vc_row_inner row_type=&#8221;row&#8221; type=&#8221;full_width&#8221; text_align=&#8221;left&#8221; css_animation=&#8221;&#8221; padding_bottom=&#8221;20&#8243;][vc_column_inner width=&#8221;1\/2&#8243; offset=&#8221;vc_col-lg-offset-0 vc_col-lg-6 vc_col-md-offset-0 vc_col-md-6 vc_col-sm-offset-0&#8243;][vc_column_text]\u00bfEres productor musical o artista y quieres poner una bater\u00eda real en tu proyecto?<\/p>\n<p>Yo te ofrezco la posibilidad de <strong>grabar bater\u00edas a distancia<\/strong> y con el mismo compromiso, seriedad y arte como si fuera de manera presencial.<\/p>\n<p>Nuestro estudio dispone de una sala equipada con los extraordinarios previos (Antelope), microfon\u00eda excelente e instrumentos de alta gama.<\/p>\n<p>\u00bfA qu\u00e9 esperas? Entra en contacto con nosotros para m\u00e1s informaci\u00f3n, condiciones de env\u00edo y precios.[\/vc_column_text][vc_empty_space height=&#8221;100px&#8221;]\n<div class=\"wpcf7 no-js\" id=\"wpcf7-f1984-o1\" lang=\"ca\" dir=\"ltr\" data-wpcf7-id=\"1984\">\n<div class=\"screen-reader-response\"><p role=\"status\" aria-live=\"polite\" aria-atomic=\"true\"><\/p> <ul><\/ul><\/div>\n<form action=\"\/es\/wp-json\/wp\/v2\/pages\/1981#wpcf7-f1984-o1\" method=\"post\" class=\"wpcf7-form init default\" aria-label=\"Contact form\" novalidate=\"novalidate\" data-status=\"init\">\n<fieldset class=\"hidden-fields-container\"><input type=\"hidden\" name=\"_wpcf7\" value=\"1984\" \/><input type=\"hidden\" name=\"_wpcf7_version\" value=\"6.1.5\" \/><input type=\"hidden\" name=\"_wpcf7_locale\" value=\"ca\" \/><input type=\"hidden\" name=\"_wpcf7_unit_tag\" value=\"wpcf7-f1984-o1\" \/><input type=\"hidden\" name=\"_wpcf7_container_post\" value=\"0\" \/><input type=\"hidden\" name=\"_wpcf7_posted_data_hash\" value=\"\" \/>\n<\/fieldset>\n<p><label> Tu nombre (obligatorio)<br \/>\n<span class=\"wpcf7-form-control-wrap\" data-name=\"your-name\"><input size=\"40\" maxlength=\"400\" class=\"wpcf7-form-control wpcf7-text wpcf7-validates-as-required\" aria-required=\"true\" aria-invalid=\"false\" value=\"\" type=\"text\" name=\"your-name\" \/><\/span> <\/label>\n<\/p>\n<p><label> Tu correo electr\u00f3nico (obligatorio)<br \/>\n<span class=\"wpcf7-form-control-wrap\" data-name=\"your-email\"><input size=\"40\" maxlength=\"400\" class=\"wpcf7-form-control wpcf7-email wpcf7-validates-as-required wpcf7-text wpcf7-validates-as-email\" aria-required=\"true\" aria-invalid=\"false\" value=\"\" type=\"email\" name=\"your-email\" \/><\/span> <\/label>\n<\/p>\n<p><label> \u00bfQu\u00e9 necesitas?<br \/>\n<span class=\"wpcf7-form-control-wrap\" data-name=\"your-message\"><textarea cols=\"40\" rows=\"10\" maxlength=\"2000\" class=\"wpcf7-form-control wpcf7-textarea\" aria-invalid=\"false\" name=\"your-message\"><\/textarea><\/span> <\/label>\n<\/p>\n<p><span id=\"wpcf7-69d136f7cc369-wrapper\" class=\"wpcf7-form-control-wrap website-420-wrap\" style=\"display:none !important; visibility:hidden !important;\"><label for=\"wpcf7-69d136f7cc369-field\" class=\"hp-message\">Please leave this field empty.<\/label><input id=\"wpcf7-69d136f7cc369-field\"  class=\"wpcf7-form-control wpcf7-text\" type=\"text\" name=\"website-420\" value=\"\" size=\"40\" tabindex=\"-1\" autocomplete=\"new-password\" \/><\/span>\n<\/p>\n<p><input class=\"wpcf7-form-control wpcf7-submit has-spinner\" type=\"submit\" value=\"Enviar\" \/>\n<\/p><div class=\"wpcf7-response-output\" aria-hidden=\"true\"><\/div>\n<\/form>\n<\/div>\n[\/vc_column_inner][vc_column_inner width=&#8221;1\/2&#8243; css=&#8221;.vc_custom_1595974276182{padding-top: 0px !important;background-color: #000000 !important;background-position: center !important;background-repeat: no-repeat !important;background-size: contain !important;border-radius: 4px !important;}&#8221;][vc_empty_space height=&#8221;12px&#8221;][vc_column_text]<\/p>\n<h3 style=\"text-align: center;\"><strong>Fotos del estudio de grabaci\u00f3n de bater\u00edas online<\/strong><\/h3>\n<p>[\/vc_column_text][vc_empty_space height=&#8221;16px&#8221;][vc_gallery type=&#8221;image_grid&#8221; images=&#8221;1982,2059,2060,2061,2062,2063,2065,2066,2067,2068,2069,2070&#8243; css_animation=&#8221;bounceIn&#8221; column_number=&#8221;4&#8243; grayscale=&#8221;no&#8221; images_space=&#8221;gallery_without_space&#8221;][vc_empty_space height=&#8221;48px&#8221;][vc_column_text]<\/p>\n<h3 style=\"text-align: center;\"><strong>V\u00eddeos del estudio de grabaci\u00f3n de bater\u00edas online<\/strong><\/h3>\n<p>[\/vc_column_text][vc_empty_space height=&#8221;16px&#8221;][vc_video link=&#8221;https:\/\/youtu.be\/dS3MYD0aPWY&#8221; align=&#8221;center&#8221;][vc_empty_space height=&#8221;16px&#8221;][vc_video link=&#8221;https:\/\/youtu.be\/p2ZnXB4FWNU&#8221; align=&#8221;center&#8221;][vc_empty_space height=&#8221;16px&#8221;][vc_video link=&#8221;https:\/\/youtu.be\/A89Uowh7qxQ&#8221; align=&#8221;center&#8221;][vc_empty_space height=&#8221;16px&#8221;][\/vc_column_inner][\/vc_row_inner][\/vc_column][\/vc_row]<\/p>\n<\/div>","protected":false},"excerpt":{"rendered":"<p>[vc_row css_animation=&#8221;&#8221; row_type=&#8221;row&#8221; use_row_as_full_screen_section=&#8221;no&#8221; type=&#8221;grid&#8221; angled_section=&#8221;no&#8221; text_align=&#8221;left&#8221; background_image_as_pattern=&#8221;without_pattern&#8221; padding_top=&#8221;170&#8243; padding_bottom=&#8221;80&#8243; z_index=&#8221;&#8221;][vc_column][vc_column_text] GRABACI\u00d3N DE BATER\u00cdAS ONLINE [\/vc_column_text][vc_separator type=&#8221;transparent&#8221; up=&#8221;50&#8243; down=&#8221;0&#8243;][vc_row_inner row_type=&#8221;row&#8221; type=&#8221;full_width&#8221; text_align=&#8221;left&#8221; css_animation=&#8221;&#8221; padding_bottom=&#8221;20&#8243;][vc_column_inner width=&#8221;1\/2&#8243; offset=&#8221;vc_col-lg-offset-0 vc_col-lg-6 vc_col-md-offset-0 vc_col-md-6 vc_col-sm-offset-0&#8243;][vc_column_text]\u00bfEres productor musical o artista y quieres poner una bater\u00eda real en tu proyecto? Yo te&#8230;<\/p>\n","protected":false},"author":1,"featured_media":0,"parent":0,"menu_order":0,"comment_status":"closed","ping_status":"closed","template":"","meta":{"footnotes":""},"class_list":["post-1981","page","type-page","status-publish","hentry"],"aioseo_notices":[],"_links":{"self":[{"href":"https:\/\/serginhomoreira.com\/es\/wp-json\/wp\/v2\/pages\/1981","targetHints":{"allow":["GET"]}}],"collection":[{"href":"https:\/\/serginhomoreira.com\/es\/wp-json\/wp\/v2\/pages"}],"about":[{"href":"https:\/\/serginhomoreira.com\/es\/wp-json\/wp\/v2\/types\/page"}],"author":[{"embeddable":true,"href":"https:\/\/serginhomoreira.com\/es\/wp-json\/wp\/v2\/users\/1"}],"replies":[{"embeddable":true,"href":"https:\/\/serginhomoreira.com\/es\/wp-json\/wp\/v2\/comments?post=1981"}],"version-history":[{"count":21,"href":"https:\/\/serginhomoreira.com\/es\/wp-json\/wp\/v2\/pages\/1981\/revisions"}],"predecessor-version":[{"id":2094,"href":"https:\/\/serginhomoreira.com\/es\/wp-json\/wp\/v2\/pages\/1981\/revisions\/2094"}],"wp:attachment":[{"href":"https:\/\/serginhomoreira.com\/es\/wp-json\/wp\/v2\/media?parent=1981"}],"curies":[{"name":"wp","href":"https:\/\/api.w.org\/{rel}","templated":true}]}}