{"id":622,"date":"2016-02-23T09:39:11","date_gmt":"2016-02-23T09:39:11","guid":{"rendered":"https:\/\/serginhomoreira.com\/blog\/"},"modified":"2018-08-05T13:20:14","modified_gmt":"2018-08-05T11:20:14","slug":"blog","status":"publish","type":"page","link":"https:\/\/serginhomoreira.com\/es\/blog\/","title":{"rendered":"Blog"},"content":{"rendered":"<div class=\"wpb-content-wrapper\"><p>[vc_row css_animation=&#8221;&#8221; row_type=&#8221;row&#8221; use_row_as_full_screen_section=&#8221;no&#8221; type=&#8221;grid&#8221; angled_section=&#8221;no&#8221; text_align=&#8221;left&#8221; background_image=&#8221;309&#8243; background_image_as_pattern=&#8221;without_pattern&#8221; padding_top=&#8221;174&#8243; padding_bottom=&#8221;120&#8243;][vc_column][vc_column_text]<\/p>\n<h2>NEWS<\/h2>\n<p>[\/vc_column_text][vc_separator type=&#8221;transparent&#8221; up=&#8221;10&#8243; down=&#8221;0&#8243;][vc_column_text]<\/p>\n<h4><span style=\"color: #ffffff;\">Llegeix aqui totes les not\u00edcies publicades des de l&#8217;any 2014<br \/>\n<\/span><\/h4>\n<p>[\/vc_column_text][vc_separator type=&#8221;transparent&#8221; up=&#8221;35&#8243; down=&#8221;0&#8243;]<div class='latest_post_two_holder three_columns'><ul><li class=\"clearfix\"><div class=\"latest_post_two_inner\" style='background-color: rgba(27,27,27,0.65);'><div class=\"latest_post_two_text\"><h3 itemprop=\"name\" class=\"latest_post_two_title entry_title\"><a itemprop=\"url\" href=\"https:\/\/serginhomoreira.com\/es\/video-memories-of-largo-da-ordem-2\/\" style='color: #ffffff;'>Video Memories of Largo da Ordem<\/a><\/h3><div class=\"separator small left \" style='background-color: #494949;'><\/div><p itemprop=\"description\" class=\"latest_post_two_excerpt\" style='color: #ffffff;'>Siempre es un reto tocar las m\u00e9tricas irregulares, \u00bfno es verdad? Bueno, al menos para m\u00ed. Pero tambi\u00e9n es verdad que desde mis principios como estudiante de m\u00fa<\/p><\/div><div class=\"latest_post_two_info\" style='border-color: #494949;'><div class=\"latest_post_two_info_inner\" style='color: #ffffff;'><div class=\"post_info_author\"><img alt='Author Image' src='https:\/\/secure.gravatar.com\/avatar\/08231efd33bf1200a1127540050d686f81da705f841d25dc7052beedab8ab101?s=30&#038;d=mm&#038;r=g' srcset='https:\/\/secure.gravatar.com\/avatar\/08231efd33bf1200a1127540050d686f81da705f841d25dc7052beedab8ab101?s=60&#038;d=mm&#038;r=g 2x' class='avatar avatar-30 photo' height='30' width='30' \/><span class=\"post_info_author_name\">serginho<\/span><\/div><div itemprop=\"dateCreated\" class=\"post_info_date entry_date updated\">09 April, 2017<meta itemprop=\"interactionCount\" content=\"UserComments: <?php echo get_comments_number(qode_get_page_id()); ?>\"\/><\/div><\/div><\/div><\/div><\/li><li class=\"clearfix\"><div class=\"latest_post_two_inner\" style='background-color: rgba(27,27,27,0.65);'><div class=\"latest_post_two_text\"><h3 itemprop=\"name\" class=\"latest_post_two_title entry_title\"><a itemprop=\"url\" href=\"https:\/\/serginhomoreira.com\/es\/video-bonzeando-2\/\" style='color: #ffffff;'>Video Bonzeando<\/a><\/h3><div class=\"separator small left \" style='background-color: #494949;'><\/div><p itemprop=\"description\" class=\"latest_post_two_excerpt\" style='color: #ffffff;'>&nbsp;Fue una increible iniciativa del gran ingeniero de sonido y guitarrista Tomi P\u00e9rez, que me propuso tocar un shuffle al estilo John Bonham y grabar la bate<\/p><\/div><div class=\"latest_post_two_info\" style='border-color: #494949;'><div class=\"latest_post_two_info_inner\" style='color: #ffffff;'><div class=\"post_info_author\"><img alt='Author Image' src='https:\/\/secure.gravatar.com\/avatar\/08231efd33bf1200a1127540050d686f81da705f841d25dc7052beedab8ab101?s=30&#038;d=mm&#038;r=g' srcset='https:\/\/secure.gravatar.com\/avatar\/08231efd33bf1200a1127540050d686f81da705f841d25dc7052beedab8ab101?s=60&#038;d=mm&#038;r=g 2x' class='avatar avatar-30 photo' height='30' width='30' \/><span class=\"post_info_author_name\">serginho<\/span><\/div><div itemprop=\"dateCreated\" class=\"post_info_date entry_date updated\">12 November, 2015<meta itemprop=\"interactionCount\" content=\"UserComments: <?php echo get_comments_number(qode_get_page_id()); ?>\"\/><\/div><\/div><\/div><\/div><\/li><li class=\"clearfix\"><div class=\"latest_post_two_inner\" style='background-color: rgba(27,27,27,0.65);'><div class=\"latest_post_two_text\"><h3 itemprop=\"name\" class=\"latest_post_two_title entry_title\"><a itemprop=\"url\" href=\"https:\/\/serginhomoreira.com\/es\/endorsers-2\/\" style='color: #ffffff;'>Endorsers<\/a><\/h3><div class=\"separator small left \" style='background-color: #494949;'><\/div><p itemprop=\"description\" class=\"latest_post_two_excerpt\" style='color: #ffffff;'>Un buen d\u00eda decid\u00ed coger mis baquetas, saltar el gran&nbsp;charco&nbsp;y plantarme en la Ciudad Condal dispuesto hacer ruido, dispuesto hacer mucho ruido. Pero <\/p><\/div><div class=\"latest_post_two_info\" style='border-color: #494949;'><div class=\"latest_post_two_info_inner\" style='color: #ffffff;'><div class=\"post_info_author\"><img alt='Author Image' src='https:\/\/secure.gravatar.com\/avatar\/08231efd33bf1200a1127540050d686f81da705f841d25dc7052beedab8ab101?s=30&#038;d=mm&#038;r=g' srcset='https:\/\/secure.gravatar.com\/avatar\/08231efd33bf1200a1127540050d686f81da705f841d25dc7052beedab8ab101?s=60&#038;d=mm&#038;r=g 2x' class='avatar avatar-30 photo' height='30' width='30' \/><span class=\"post_info_author_name\">serginho<\/span><\/div><div itemprop=\"dateCreated\" class=\"post_info_date entry_date updated\">07 October, 2015<meta itemprop=\"interactionCount\" content=\"UserComments: <?php echo get_comments_number(qode_get_page_id()); ?>\"\/><\/div><\/div><\/div><\/div><\/li><li class=\"clearfix\"><div class=\"latest_post_two_inner\" style='background-color: rgba(27,27,27,0.65);'><div class=\"latest_post_two_text\"><h3 itemprop=\"name\" class=\"latest_post_two_title entry_title\"><a itemprop=\"url\" href=\"https:\/\/serginhomoreira.com\/es\/video-samba-do-trem-3\/\" style='color: #ffffff;'>Video Samba do Trem<\/a><\/h3><div class=\"separator small left \" style='background-color: #494949;'><\/div><p itemprop=\"description\" class=\"latest_post_two_excerpt\" style='color: #ffffff;'>EL tiempo pasa volando, y viviendo desde hace 15 a\u00f1os en Barcelona perd\u00ed el contacto con los m\u00fasicos brasile\u00f1os. Pero no he dejado nunca de estudiar y practicar<\/p><\/div><div class=\"latest_post_two_info\" style='border-color: #494949;'><div class=\"latest_post_two_info_inner\" style='color: #ffffff;'><div class=\"post_info_author\"><img alt='Author Image' src='https:\/\/secure.gravatar.com\/avatar\/08231efd33bf1200a1127540050d686f81da705f841d25dc7052beedab8ab101?s=30&#038;d=mm&#038;r=g' srcset='https:\/\/secure.gravatar.com\/avatar\/08231efd33bf1200a1127540050d686f81da705f841d25dc7052beedab8ab101?s=60&#038;d=mm&#038;r=g 2x' class='avatar avatar-30 photo' height='30' width='30' \/><span class=\"post_info_author_name\">serginho<\/span><\/div><div itemprop=\"dateCreated\" class=\"post_info_date entry_date updated\">06 July, 2015<meta itemprop=\"interactionCount\" content=\"UserComments: <?php echo get_comments_number(qode_get_page_id()); ?>\"\/><\/div><\/div><\/div><\/div><\/li><li class=\"clearfix\"><div class=\"latest_post_two_inner\" style='background-color: rgba(27,27,27,0.65);'><div class=\"latest_post_two_text\"><h3 itemprop=\"name\" class=\"latest_post_two_title entry_title\"><a itemprop=\"url\" href=\"https:\/\/serginhomoreira.com\/es\/un-bateria-de-gira-capitulo-2\/\" style='color: #ffffff;'>Un bater\u00eda de gira. Cap\u00edtulo 2<\/a><\/h3><div class=\"separator small left \" style='background-color: #494949;'><\/div><p itemprop=\"description\" class=\"latest_post_two_excerpt\" style='color: #ffffff;'>En el anterior cap\u00edtulo, \u201cUn bater\u00eda de gira\u201d, comenc\u00e9 a hablarte de lo importante que son las primeras escuchas del repertorio que se tocar\u00e1 durante la gira y <\/p><\/div><div class=\"latest_post_two_info\" style='border-color: #494949;'><div class=\"latest_post_two_info_inner\" style='color: #ffffff;'><div class=\"post_info_author\"><img alt='Author Image' src='https:\/\/secure.gravatar.com\/avatar\/08231efd33bf1200a1127540050d686f81da705f841d25dc7052beedab8ab101?s=30&#038;d=mm&#038;r=g' srcset='https:\/\/secure.gravatar.com\/avatar\/08231efd33bf1200a1127540050d686f81da705f841d25dc7052beedab8ab101?s=60&#038;d=mm&#038;r=g 2x' class='avatar avatar-30 photo' height='30' width='30' \/><span class=\"post_info_author_name\">serginho<\/span><\/div><div itemprop=\"dateCreated\" class=\"post_info_date entry_date updated\">12 May, 2015<meta itemprop=\"interactionCount\" content=\"UserComments: <?php echo get_comments_number(qode_get_page_id()); ?>\"\/><\/div><\/div><\/div><\/div><\/li><li class=\"clearfix\"><div class=\"latest_post_two_inner\" style='background-color: rgba(27,27,27,0.65);'><div class=\"latest_post_two_text\"><h3 itemprop=\"name\" class=\"latest_post_two_title entry_title\"><a itemprop=\"url\" href=\"https:\/\/serginhomoreira.com\/es\/un-bateria-de-gira-capitulo-1\/\" style='color: #ffffff;'>Un bater\u00eda de gira. Cap\u00edtulo 1<\/a><\/h3><div class=\"separator small left \" style='background-color: #494949;'><\/div><p itemprop=\"description\" class=\"latest_post_two_excerpt\" style='color: #ffffff;'>En pr\u00f3ximos posts voy hablar de la experiencia de ser m\u00fasico y poder realizar el incre\u00edble sue\u00f1o de estar de gira. Es dif\u00edcil elegir por donde comenzar cuando m<\/p><\/div><div class=\"latest_post_two_info\" style='border-color: #494949;'><div class=\"latest_post_two_info_inner\" style='color: #ffffff;'><div class=\"post_info_author\"><img alt='Author Image' src='https:\/\/secure.gravatar.com\/avatar\/08231efd33bf1200a1127540050d686f81da705f841d25dc7052beedab8ab101?s=30&#038;d=mm&#038;r=g' srcset='https:\/\/secure.gravatar.com\/avatar\/08231efd33bf1200a1127540050d686f81da705f841d25dc7052beedab8ab101?s=60&#038;d=mm&#038;r=g 2x' class='avatar avatar-30 photo' height='30' width='30' \/><span class=\"post_info_author_name\">serginho<\/span><\/div><div itemprop=\"dateCreated\" class=\"post_info_date entry_date updated\">01 March, 2015<meta itemprop=\"interactionCount\" content=\"UserComments: <?php echo get_comments_number(qode_get_page_id()); ?>\"\/><\/div><\/div><\/div><\/div><\/li><li class=\"clearfix\"><div class=\"latest_post_two_inner\" style='background-color: rgba(27,27,27,0.65);'><div class=\"latest_post_two_text\"><h3 itemprop=\"name\" class=\"latest_post_two_title entry_title\"><a itemprop=\"url\" href=\"https:\/\/serginhomoreira.com\/es\/mi-experiencia-en-rock-in-rio\/\" style='color: #ffffff;'>Mi experiencia en Rock in Rio<\/a><\/h3><div class=\"separator small left \" style='background-color: #494949;'><\/div><p itemprop=\"description\" class=\"latest_post_two_excerpt\" style='color: #ffffff;'>Hace a\u00f1os que me instal\u00e9 en Espa\u00f1a y es aqu\u00ed donde me he vuelto a encontrar con Rock In Rio: \u201dla m\u00fasica y los m\u00fasicos vivimos en la carretera.&#8221; Y aqu\u00ed me <\/p><\/div><div class=\"latest_post_two_info\" style='border-color: #494949;'><div class=\"latest_post_two_info_inner\" style='color: #ffffff;'><div class=\"post_info_author\"><img alt='Author Image' src='https:\/\/secure.gravatar.com\/avatar\/08231efd33bf1200a1127540050d686f81da705f841d25dc7052beedab8ab101?s=30&#038;d=mm&#038;r=g' srcset='https:\/\/secure.gravatar.com\/avatar\/08231efd33bf1200a1127540050d686f81da705f841d25dc7052beedab8ab101?s=60&#038;d=mm&#038;r=g 2x' class='avatar avatar-30 photo' height='30' width='30' \/><span class=\"post_info_author_name\">serginho<\/span><\/div><div itemprop=\"dateCreated\" class=\"post_info_date entry_date updated\">12 January, 2015<meta itemprop=\"interactionCount\" content=\"UserComments: <?php echo get_comments_number(qode_get_page_id()); ?>\"\/><\/div><\/div><\/div><\/div><\/li><li class=\"clearfix\"><div class=\"latest_post_two_inner\" style='background-color: rgba(27,27,27,0.65);'><div class=\"latest_post_two_text\"><h3 itemprop=\"name\" class=\"latest_post_two_title entry_title\"><a itemprop=\"url\" href=\"https:\/\/serginhomoreira.com\/es\/video-mr-anthony-2\/\" style='color: #ffffff;'>Video    &#8220;Mr Anthony&#8221;<\/a><\/h3><div class=\"separator small left \" style='background-color: #494949;'><\/div><p itemprop=\"description\" class=\"latest_post_two_excerpt\" style='color: #ffffff;'>Lo reconozco y no me gusta porque no estar\u00eda mal que de vez en cuando dedic\u00e1ramos dos, tres, cuatro minutos a contemplar como en la pantalla se suceden de forma<\/p><\/div><div class=\"latest_post_two_info\" style='border-color: #494949;'><div class=\"latest_post_two_info_inner\" style='color: #ffffff;'><div class=\"post_info_author\"><img alt='Author Image' src='https:\/\/secure.gravatar.com\/avatar\/08231efd33bf1200a1127540050d686f81da705f841d25dc7052beedab8ab101?s=30&#038;d=mm&#038;r=g' srcset='https:\/\/secure.gravatar.com\/avatar\/08231efd33bf1200a1127540050d686f81da705f841d25dc7052beedab8ab101?s=60&#038;d=mm&#038;r=g 2x' class='avatar avatar-30 photo' height='30' width='30' \/><span class=\"post_info_author_name\">serginho<\/span><\/div><div itemprop=\"dateCreated\" class=\"post_info_date entry_date updated\">23 September, 2014<meta itemprop=\"interactionCount\" content=\"UserComments: <?php echo get_comments_number(qode_get_page_id()); ?>\"\/><\/div><\/div><\/div><\/div><\/li><li class=\"clearfix\"><div class=\"latest_post_two_inner\" style='background-color: rgba(27,27,27,0.65);'><div class=\"latest_post_two_text\"><h3 itemprop=\"name\" class=\"latest_post_two_title entry_title\"><a itemprop=\"url\" href=\"https:\/\/serginhomoreira.com\/es\/maldita-beach-rock\/\" style='color: #ffffff;'>Maldita Beach Rock<\/a><\/h3><div class=\"separator small left \" style='background-color: #494949;'><\/div><p itemprop=\"description\" class=\"latest_post_two_excerpt\" style='color: #ffffff;'>Pero sobretodo tocar, tocar, tocar. Esa es mi vida y \u00a1Me encanta! pero si por encima de todo eso hay algo que me \u201cllena\u201d, que responde afirmativamente a muchas <\/p><\/div><div class=\"latest_post_two_info\" style='border-color: #494949;'><div class=\"latest_post_two_info_inner\" style='color: #ffffff;'><div class=\"post_info_author\"><img alt='Author Image' src='https:\/\/secure.gravatar.com\/avatar\/08231efd33bf1200a1127540050d686f81da705f841d25dc7052beedab8ab101?s=30&#038;d=mm&#038;r=g' srcset='https:\/\/secure.gravatar.com\/avatar\/08231efd33bf1200a1127540050d686f81da705f841d25dc7052beedab8ab101?s=60&#038;d=mm&#038;r=g 2x' class='avatar avatar-30 photo' height='30' width='30' \/><span class=\"post_info_author_name\">serginho<\/span><\/div><div itemprop=\"dateCreated\" class=\"post_info_date entry_date updated\">12 May, 2014<meta itemprop=\"interactionCount\" content=\"UserComments: <?php echo get_comments_number(qode_get_page_id()); ?>\"\/><\/div><\/div><\/div><\/div><\/li><li class=\"clearfix\"><div class=\"latest_post_two_inner\" style='background-color: rgba(27,27,27,0.65);'><div class=\"latest_post_two_text\"><h3 itemprop=\"name\" class=\"latest_post_two_title entry_title\"><a itemprop=\"url\" href=\"https:\/\/serginhomoreira.com\/es\/maldita-nerea-compone-la-cancion-de-la-roja-para-el-mundial\/\" style='color: #ffffff;'>Maldita Nerea compone la canci\u00f3n de \u201cla Roja\u201d para el Mundial.<\/a><\/h3><div class=\"separator small left \" style='background-color: #494949;'><\/div><p itemprop=\"description\" class=\"latest_post_two_excerpt\" style='color: #ffffff;'>Gracias a la iniciativa de Iberdrola&nbsp;el grupo&nbsp;Maldita Nerea ha&nbsp;sido&nbsp; seleccionado&nbsp;para escribir y cantar la canci\u00f3n que aportar\u00e1 #Buena<\/p><\/div><div class=\"latest_post_two_info\" style='border-color: #494949;'><div class=\"latest_post_two_info_inner\" style='color: #ffffff;'><div class=\"post_info_author\"><img alt='Author Image' src='https:\/\/secure.gravatar.com\/avatar\/08231efd33bf1200a1127540050d686f81da705f841d25dc7052beedab8ab101?s=30&#038;d=mm&#038;r=g' srcset='https:\/\/secure.gravatar.com\/avatar\/08231efd33bf1200a1127540050d686f81da705f841d25dc7052beedab8ab101?s=60&#038;d=mm&#038;r=g 2x' class='avatar avatar-30 photo' height='30' width='30' \/><span class=\"post_info_author_name\">serginho<\/span><\/div><div itemprop=\"dateCreated\" class=\"post_info_date entry_date updated\">05 March, 2014<meta itemprop=\"interactionCount\" content=\"UserComments: <?php echo get_comments_number(qode_get_page_id()); ?>\"\/><\/div><\/div><\/div><\/div><\/li><li class=\"clearfix\"><div class=\"latest_post_two_inner\" style='background-color: rgba(27,27,27,0.65);'><div class=\"latest_post_two_text\"><h3 itemprop=\"name\" class=\"latest_post_two_title entry_title\"><a itemprop=\"url\" href=\"https:\/\/serginhomoreira.com\/es\/bienvenidos-a-mi-web\/\" style='color: #ffffff;'>Bienvenidos a mi web<\/a><\/h3><div class=\"separator small left \" style='background-color: #494949;'><\/div><p itemprop=\"description\" class=\"latest_post_two_excerpt\" style='color: #ffffff;'>Para empezar mi andadura\u202foficial en el mundo virtual\u202fquiero\u202fagradecer a todas las personas que me ayudaron para hacer posible este proyecto. Como primera toma d<\/p><\/div><div class=\"latest_post_two_info\" style='border-color: #494949;'><div class=\"latest_post_two_info_inner\" style='color: #ffffff;'><div class=\"post_info_author\"><img alt='Author Image' src='https:\/\/secure.gravatar.com\/avatar\/08231efd33bf1200a1127540050d686f81da705f841d25dc7052beedab8ab101?s=30&#038;d=mm&#038;r=g' srcset='https:\/\/secure.gravatar.com\/avatar\/08231efd33bf1200a1127540050d686f81da705f841d25dc7052beedab8ab101?s=60&#038;d=mm&#038;r=g 2x' class='avatar avatar-30 photo' height='30' width='30' \/><span class=\"post_info_author_name\">serginho<\/span><\/div><div itemprop=\"dateCreated\" class=\"post_info_date entry_date updated\">05 March, 2014<meta itemprop=\"interactionCount\" content=\"UserComments: <?php echo get_comments_number(qode_get_page_id()); ?>\"\/><\/div><\/div><\/div><\/div><\/li><\/ul><\/div>[\/vc_column][\/vc_row]<\/p>\n<\/div>","protected":false},"excerpt":{"rendered":"<p>[vc_row css_animation=&#8221;&#8221; row_type=&#8221;row&#8221; use_row_as_full_screen_section=&#8221;no&#8221; type=&#8221;grid&#8221; angled_section=&#8221;no&#8221; text_align=&#8221;left&#8221; background_image=&#8221;309&#8243; background_image_as_pattern=&#8221;without_pattern&#8221; padding_top=&#8221;174&#8243; padding_bottom=&#8221;120&#8243;][vc_column][vc_column_text] NEWS [\/vc_column_text][vc_separator type=&#8221;transparent&#8221; up=&#8221;10&#8243; down=&#8221;0&#8243;][vc_column_text] Llegeix aqui totes les not\u00edcies publicades des de l&#8217;any 2014 [\/vc_column_text][vc_separator type=&#8221;transparent&#8221; up=&#8221;35&#8243; down=&#8221;0&#8243;][\/vc_column][\/vc_row]<\/p>\n","protected":false},"author":1,"featured_media":0,"parent":0,"menu_order":0,"comment_status":"closed","ping_status":"closed","template":"full_width.php","meta":{"footnotes":""},"class_list":["post-622","page","type-page","status-publish","hentry"],"aioseo_notices":[],"_links":{"self":[{"href":"https:\/\/serginhomoreira.com\/es\/wp-json\/wp\/v2\/pages\/622","targetHints":{"allow":["GET"]}}],"collection":[{"href":"https:\/\/serginhomoreira.com\/es\/wp-json\/wp\/v2\/pages"}],"about":[{"href":"https:\/\/serginhomoreira.com\/es\/wp-json\/wp\/v2\/types\/page"}],"author":[{"embeddable":true,"href":"https:\/\/serginhomoreira.com\/es\/wp-json\/wp\/v2\/users\/1"}],"replies":[{"embeddable":true,"href":"https:\/\/serginhomoreira.com\/es\/wp-json\/wp\/v2\/comments?post=622"}],"version-history":[{"count":8,"href":"https:\/\/serginhomoreira.com\/es\/wp-json\/wp\/v2\/pages\/622\/revisions"}],"predecessor-version":[{"id":1540,"href":"https:\/\/serginhomoreira.com\/es\/wp-json\/wp\/v2\/pages\/622\/revisions\/1540"}],"wp:attachment":[{"href":"https:\/\/serginhomoreira.com\/es\/wp-json\/wp\/v2\/media?parent=622"}],"curies":[{"name":"wp","href":"https:\/\/api.w.org\/{rel}","templated":true}]}}